{"id":629,"date":"2024-01-08T09:51:38","date_gmt":"2024-01-08T02:51:38","guid":{"rendered":"https:\/\/biowatertlp.com\/?page_id=629"},"modified":"2024-01-08T20:16:51","modified_gmt":"2024-01-08T13:16:51","slug":"bio-water-p","status":"publish","type":"page","link":"https:\/\/biowatertlp.com\/?page_id=629","title":{"rendered":"Bio Water P"},"content":{"rendered":"\n<p class=\"has-text-align-center has-vivid-green-cyan-color has-text-color has-link-color has-medium-font-size wp-elements-4efe7eee0e87d43bf7fefa33fe3cd578\"><strong><em>Vi &nbsp;sinh x\u1eed l\u00fd n\u01b0\u1edbc th\u1ea3i Bio water P bao g\u1ed3m c\u00e1c d\u00f2ng vi khu\u1ea9n gi\u00fap \u0111\u1ea9y nhanhqu\u00e1 tr\u00ecnhPhospho h\u00f3a, x\u1eed l\u00fd hi\u1ec7u qu\u1ea3 COD, BOD, h\u00e0m l\u01b0\u1ee3ng \u0111\u1ea1m cao<\/em><\/strong><\/p>\n\n\n\n<ol class=\"wp-block-list\">\n<li><strong>Th\u00e0nh ph\u1ea7n<\/strong>\n<ul class=\"wp-block-list\">\n<li>Vi khu\u1ea9n Bacillus licheniformicsp \u2265 10<sup>9<\/sup> CFU\/g<\/li>\n<\/ul>\n<\/li>\n\n\n\n<li><strong>Hi\u1ec7u qu\u1ea3<\/strong>\n<ul class=\"wp-block-list\">\n<li>X\u1eed l\u00fd hi\u1ec7u qu\u1ea3 c\u00e1c ngu\u1ed3n n\u01b0\u1edbc th\u1ea3i c\u00f3 h\u00e0m l\u01b0\u1ee3ng phospho cao.<\/li>\n\n\n\n<li>X\u1eed l\u00fd nhanh c\u00e1c h\u1ee3p ch\u1ea5t h\u1eefu c\u01a1 trong n\u01b0\u1edbc th\u1ea3i sinh ho\u1ea1t, c\u00f4ng nghi\u1ec7p, ch\u1ebf bi\u1ebfn th\u1ee7y s\u1ea3n.<\/li>\n\n\n\n<li>Th\u00fac \u0111\u1ea9y nhanh qu\u00e1 tr\u00ecnh Biofilm trong h\u1ec7 th\u1ed1ng x\u1eed l\u00fd n\u01b0\u1edbc th\u1ea3i.<\/li>\n\n\n\n<li>Vi sinh ch\u1ecbu t\u1ea3i cao, gi\u1ea3m chi ph\u00ed x\u1eed l\u00fd.<\/li>\n<\/ul>\n<\/li>\n\n\n\n<li><strong>H\u01b0\u1edbng d\u1eabn s\u1eed <\/strong><strong>&nbsp;<\/strong><strong>d\u1ee5ng<\/strong>\n<ul class=\"wp-block-list\">\n<li><strong>Kh\u1edfi \u0111\u1ed9ng h\u1ec7 th\u1ed1ng:<\/strong>\n<ul class=\"wp-block-list\">\n<li>T\u1ec9 l\u1ec7 s\u1eed d\u1ee5ng 5 kg cho 100 m<sup>3<\/sup>\u00a0n\u01b0\u1edbc th\u1ea3i.<\/li>\n<\/ul>\n<\/li>\n\n\n\n<li><strong>Li\u1ec1u d<\/strong><strong>uy tr\u00ec<\/strong><strong>: <\/strong>\n<ul class=\"wp-block-list\">\n<li>B\u1ed5 sung 500 g cho 100 m<sup>3<\/sup>\u00a0n\u01b0\u1edbc th\u1ea3i.<\/li>\n<\/ul>\n<\/li>\n\n\n\n<li>L\u01b0u \u00fd: \u0110\u1ec3 cho qu\u00e1 tr\u00ecnh chuy\u1ec3n h\u00f3a nhanh, n\u00ean ho\u1ea1t h\u00f3a vi sinh b\u1eb1ng c\u00e1ch d\u00f9ng 1kg vi sinh    + 0,5 kg m\u1eadt r\u1ec9 + 10 l\u00edt n\u01b0\u1edbc s\u1ea1ch \u0111\u1ec3 t\u0129nh 4h, mang \u0111i s\u1eed d\u1ee5ng cho h\u1ec7 th\u1ed1ng x\u1eed l\u00fd n\u01b0\u1edbc th\u1ea3i.<\/li>\n\n\n\n<li>Vi sinh x\u1eed l\u00fd n\u01b0\u1edbc th\u1ea3i trong \u0111i\u1ec1u ki\u1ec7n hi\u1ebfu kh\u00ed t\u00f9y nghi.<\/li>\n<\/ul>\n<\/li>\n\n\n\n<li><strong>B\u1ea3o qu\u1ea3n<\/strong>\n<ul class=\"wp-block-list\">\n<li>\u0110\u1ec3 n\u01a1i kh\u00f4 r\u00e1o, tho\u00e1ng m\u00e1t, tr\u00e1nh \u00e1nh s\u00e1ng tr\u1ef1c ti\u1ebfp<\/li>\n\n\n\n<li>H\u1ea1n s\u1eed d\u1ee5ng: 12 th\u00e1ng.<\/li>\n<\/ul>\n<\/li>\n<\/ol>\n\n\n<div class=\"wp-block-image\">\n<figure class=\"aligncenter size-large is-resized\"><img loading=\"lazy\" decoding=\"async\" width=\"729\" height=\"1024\" src=\"https:\/\/biowatertlp.com\/wp-content\/uploads\/2024\/01\/z4947884080293_bec63437f90efbc5801e8b5c3546200a-729x1024.jpg\" alt=\"\" class=\"wp-image-636\" style=\"width:340px\" srcset=\"https:\/\/biowatertlp.com\/wp-content\/uploads\/2024\/01\/z4947884080293_bec63437f90efbc5801e8b5c3546200a-729x1024.jpg 729w, https:\/\/biowatertlp.com\/wp-content\/uploads\/2024\/01\/z4947884080293_bec63437f90efbc5801e8b5c3546200a-213x300.jpg 213w, https:\/\/biowatertlp.com\/wp-content\/uploads\/2024\/01\/z4947884080293_bec63437f90efbc5801e8b5c3546200a-768x1079.jpg 768w, https:\/\/biowatertlp.com\/wp-content\/uploads\/2024\/01\/z4947884080293_bec63437f90efbc5801e8b5c3546200a-43x60.jpg 43w, https:\/\/biowatertlp.com\/wp-content\/uploads\/2024\/01\/z4947884080293_bec63437f90efbc5801e8b5c3546200a.jpg 888w\" sizes=\"auto, (max-width: 729px) 100vw, 729px\" \/><\/figure><\/div>\n\n\n<div class=\"wp-block-columns is-layout-flex wp-container-core-columns-is-layout-1 wp-block-columns-is-layout-flex\">\n<div class=\"wp-block-column is-layout-flow wp-block-column-is-layout-flow\">\n<p class=\"has-text-align-center has-luminous-vivid-orange-color has-light-green-cyan-background-color has-text-color has-background has-link-color wp-elements-b16ba60546412cb6fa91e7f408103f74\"><strong>\u0110\u1eb6T H\u00c0NG<\/strong><\/p>\n<\/div>\n\n\n\n<div class=\"wp-block-column is-layout-flow wp-block-column-is-layout-flow\">\n<p class=\"has-text-align-center has-luminous-vivid-orange-color has-light-green-cyan-background-color has-text-color has-background has-link-color wp-elements-b140061b4f0104d09236a54a76f00818\"><strong>LI\u00caN H\u1ec6<\/strong><\/p>\n<\/div>\n<\/div>\n","protected":false},"excerpt":{"rendered":"<p>Vi &nbsp;sinh x\u1eed l\u00fd n\u01b0\u1edbc th\u1ea3i Bio water P bao g\u1ed3m c\u00e1c d\u00f2ng vi khu\u1ea9n gi\u00fap \u0111\u1ea9y nhanhqu\u00e1 tr\u00ecnhPhospho h\u00f3a, x\u1eed l\u00fd hi\u1ec7u qu\u1ea3 COD, BOD, h\u00e0m l\u01b0\u1ee3ng \u0111\u1ea1m cao \u0110\u1eb6T H\u00c0NG LI\u00caN H\u1ec6<\/p>\n","protected":false},"author":1,"featured_media":0,"parent":0,"menu_order":0,"comment_status":"closed","ping_status":"closed","template":"","meta":{"footnotes":""},"class_list":["post-629","page","type-page","status-publish","hentry"],"_links":{"self":[{"href":"https:\/\/biowatertlp.com\/index.php?rest_route=\/wp\/v2\/pages\/629","targetHints":{"allow":["GET"]}}],"collection":[{"href":"https:\/\/biowatertlp.com\/index.php?rest_route=\/wp\/v2\/pages"}],"about":[{"href":"https:\/\/biowatertlp.com\/index.php?rest_route=\/wp\/v2\/types\/page"}],"author":[{"embeddable":true,"href":"https:\/\/biowatertlp.com\/index.php?rest_route=\/wp\/v2\/users\/1"}],"replies":[{"embeddable":true,"href":"https:\/\/biowatertlp.com\/index.php?rest_route=%2Fwp%2Fv2%2Fcomments&post=629"}],"version-history":[{"count":4,"href":"https:\/\/biowatertlp.com\/index.php?rest_route=\/wp\/v2\/pages\/629\/revisions"}],"predecessor-version":[{"id":662,"href":"https:\/\/biowatertlp.com\/index.php?rest_route=\/wp\/v2\/pages\/629\/revisions\/662"}],"wp:attachment":[{"href":"https:\/\/biowatertlp.com\/index.php?rest_route=%2Fwp%2Fv2%2Fmedia&parent=629"}],"curies":[{"name":"wp","href":"https:\/\/api.w.org\/{rel}","templated":true}]}}