{"id":577,"date":"2023-12-17T15:50:47","date_gmt":"2023-12-17T08:50:47","guid":{"rendered":"https:\/\/biowatertlp.com\/?page_id=577"},"modified":"2024-02-21T20:41:42","modified_gmt":"2024-02-21T13:41:42","slug":"bio-water-n","status":"publish","type":"page","link":"https:\/\/biowatertlp.com\/?page_id=577","title":{"rendered":"Bio Water N"},"content":{"rendered":"\n<p class=\"has-text-align-center has-vivid-green-cyan-color has-white-background-color has-text-color has-background has-link-color has-medium-font-size wp-elements-19c47da2bc7e64b3e696a9e392ac1d85\"><strong><em>Vi sinh x\u1eed l\u00fd n\u01b0\u1edbc th\u1ea3i Bio Water N bao g\u1ed3m c\u00e1c d\u00f2ng vi khu\u1ea9n gi\u00fap \u0111\u1ea9y nhanh qu\u00e1 tr\u00ecnh Nitrat h\u00f3a, x\u1eed l\u00fd hi\u1ec7u qu\u1ea3 COD, BOD, h\u00e0m l\u01b0\u1ee3ng N cao<\/em><\/strong><\/p>\n\n\n\n<ol class=\"wp-block-list\">\n<li><strong>Th\u00e0nh ph\u1ea7n<\/strong>\n<ul class=\"wp-block-list\">\n<li>Rhodobacter sp \u2265 10<sup>9<\/sup> CFU\/g<\/li>\n\n\n\n<li>Rhodopseudomonas sp \u2265 10<sup>9<\/sup> CFU\/g<\/li>\n\n\n\n<li>Bacillus sp \u2265 10<sup>9<\/sup> CFU\/g<\/li>\n<\/ul>\n<\/li>\n\n\n\n<li><strong>Hi\u1ec7u qu\u1ea3<\/strong>\n<ul class=\"wp-block-list\">\n<li>X\u1eed l\u00fd hi\u1ec7u qu\u1ea3 c\u00e1c ngu\u1ed3n n\u01b0\u1edbc th\u1ea3i c\u00f3 h\u00e0m l\u01b0\u1ee3ng Nit\u01a1 cao<\/li>\n\n\n\n<li>X\u1eed l\u00fd nhanh c\u00e1c h\u1ee3p ch\u1ea5t h\u1eefu c\u01a1 trong n\u01b0\u1edbc th\u1ea3i c\u00f3 \u0111\u1ed9 \u00f4 nhi\u1ec5m cao.<\/li>\n\n\n\n<li>Th\u00fac \u0111\u1ea9y nhanh qu\u00e1 tr\u00ecnh Nitrat h\u00f3a trong h\u1ec7 th\u1ed1ng x\u1eed l\u00fd n\u01b0\u1edbc th\u1ea3i<\/li>\n\n\n\n<li>X\u1eed l\u00fd hi\u1ec7u qu\u1ea3 BOD, COD trong h\u1ec7 th\u1ed1ng n\u01b0\u1edbc th\u1ea3i.<\/li>\n\n\n\n<li>Vi sinh ch\u1ecbu t\u1ea3i cao, gi\u1ea3m chi ph\u00ed x\u1eed l\u00fd<\/li>\n<\/ul>\n<\/li>\n\n\n\n<li><strong>H\u01b0\u1edbng d\u1eabn s\u1eed d\u1ee5ng<\/strong>\n<ul class=\"wp-block-list\">\n<li>\u0110\u1ec3\u00a0 cho qu\u00e1 tr\u00ecnh chuy\u1ec3n h\u00f3a nhanh, n\u00ean ho\u1ea1t h\u00f3a vi sinh b\u1eb1ng c\u00e1ch d\u00f9ng 1Kg vi sinh + 0.5Kg M\u1eadt r\u1ec9 + 10 l\u00edt n\u01b0\u1edbc s\u1ea1ch \u0111\u1ec3 t\u0129nh 4h, sau \u0111\u00f3 s\u1eed d\u1ee5ng tr\u1ef1c ti\u1ebfp cho h\u1ec7 th\u1ed1ng s\u1eed d\u1ee5ng n\u01b0\u1edbc th\u1ea3i.<\/li>\n\n\n\n<li>Kh\u1edfi \u0111\u1ed9ng h\u1ec7 th\u1ed1ng: s\u1eed d\u1ee5ng 5kg cho 100 m<sup>3<\/sup> n\u01b0\u1edbc th\u1ea3i.<\/li>\n\n\n\n<li>Duy tr\u00ec hi\u1ec7u su\u1ea5t c\u1ee7a h\u1ec7 th\u1ed1ng: 500g cho 100 m<sup>3<\/sup> n\u01b0\u1edbc th\u1ea3i.<\/li>\n\n\n\n<li>D\u00f9ng trong \u0111i\u1ec1u ki\u1ec7n hi\u1ebfu kh\u00ed ho\u1eb7c k\u1ef5 kh\u00ed t\u00f9y nghi.<\/li>\n<\/ul>\n<\/li>\n\n\n\n<li><strong>B\u1ea3o qu\u1ea3n<\/strong>\n<ul class=\"wp-block-list\">\n<li>\u0110\u1ec3 n\u01a1i kh\u00f4 r\u00e1o, tho\u00e1ng m\u00e1t, tr\u00e1nh \u00e1nh s\u00e1ng tr\u1ef1c ti\u1ebfp<\/li>\n\n\n\n<li>H\u1ea1n s\u1eed d\u1ee5ng: 12 th\u00e1ng<\/li>\n<\/ul>\n<\/li>\n<\/ol>\n\n\n<div class=\"wp-block-image\">\n<figure class=\"aligncenter size-large is-resized\"><img loading=\"lazy\" decoding=\"async\" width=\"718\" height=\"1024\" src=\"https:\/\/biowatertlp.com\/wp-content\/uploads\/2024\/01\/z4888628727296_f5a6af0c026ceef74eb08155f2832a80-718x1024.jpg\" alt=\"\" class=\"wp-image-622\" style=\"width:340px\" srcset=\"https:\/\/biowatertlp.com\/wp-content\/uploads\/2024\/01\/z4888628727296_f5a6af0c026ceef74eb08155f2832a80-718x1024.jpg 718w, https:\/\/biowatertlp.com\/wp-content\/uploads\/2024\/01\/z4888628727296_f5a6af0c026ceef74eb08155f2832a80-210x300.jpg 210w, https:\/\/biowatertlp.com\/wp-content\/uploads\/2024\/01\/z4888628727296_f5a6af0c026ceef74eb08155f2832a80-768x1095.jpg 768w, https:\/\/biowatertlp.com\/wp-content\/uploads\/2024\/01\/z4888628727296_f5a6af0c026ceef74eb08155f2832a80-42x60.jpg 42w, https:\/\/biowatertlp.com\/wp-content\/uploads\/2024\/01\/z4888628727296_f5a6af0c026ceef74eb08155f2832a80.jpg 898w\" sizes=\"auto, (max-width: 718px) 100vw, 718px\" \/><\/figure><\/div>\n\n\n<div class=\"wp-block-columns is-layout-flex wp-container-core-columns-is-layout-1 wp-block-columns-is-layout-flex\">\n<div class=\"wp-block-column is-layout-flow wp-block-column-is-layout-flow\">\n<p class=\"has-text-align-center has-luminous-vivid-orange-color has-light-green-cyan-background-color has-text-color has-background has-link-color wp-elements-b16ba60546412cb6fa91e7f408103f74\"><strong>\u0110\u1eb6T H\u00c0NG<\/strong><\/p>\n<\/div>\n\n\n\n<div class=\"wp-block-column is-layout-flow wp-block-column-is-layout-flow\">\n<p class=\"has-text-align-center has-luminous-vivid-orange-color has-light-green-cyan-background-color has-text-color has-background has-link-color wp-elements-b140061b4f0104d09236a54a76f00818\"><strong>LI\u00caN H\u1ec6<\/strong><\/p>\n<\/div>\n<\/div>\n","protected":false},"excerpt":{"rendered":"<p>Vi sinh x\u1eed l\u00fd n\u01b0\u1edbc th\u1ea3i Bio Water N bao g\u1ed3m c\u00e1c d\u00f2ng vi khu\u1ea9n gi\u00fap \u0111\u1ea9y nhanh qu\u00e1 tr\u00ecnh Nitrat h\u00f3a, x\u1eed l\u00fd hi\u1ec7u qu\u1ea3 COD, BOD, h\u00e0m l\u01b0\u1ee3ng N cao \u0110\u1eb6T H\u00c0NG LI\u00caN H\u1ec6<\/p>\n","protected":false},"author":1,"featured_media":0,"parent":0,"menu_order":0,"comment_status":"closed","ping_status":"closed","template":"","meta":{"footnotes":""},"class_list":["post-577","page","type-page","status-publish","hentry"],"_links":{"self":[{"href":"https:\/\/biowatertlp.com\/index.php?rest_route=\/wp\/v2\/pages\/577","targetHints":{"allow":["GET"]}}],"collection":[{"href":"https:\/\/biowatertlp.com\/index.php?rest_route=\/wp\/v2\/pages"}],"about":[{"href":"https:\/\/biowatertlp.com\/index.php?rest_route=\/wp\/v2\/types\/page"}],"author":[{"embeddable":true,"href":"https:\/\/biowatertlp.com\/index.php?rest_route=\/wp\/v2\/users\/1"}],"replies":[{"embeddable":true,"href":"https:\/\/biowatertlp.com\/index.php?rest_route=%2Fwp%2Fv2%2Fcomments&post=577"}],"version-history":[{"count":6,"href":"https:\/\/biowatertlp.com\/index.php?rest_route=\/wp\/v2\/pages\/577\/revisions"}],"predecessor-version":[{"id":696,"href":"https:\/\/biowatertlp.com\/index.php?rest_route=\/wp\/v2\/pages\/577\/revisions\/696"}],"wp:attachment":[{"href":"https:\/\/biowatertlp.com\/index.php?rest_route=%2Fwp%2Fv2%2Fmedia&parent=577"}],"curies":[{"name":"wp","href":"https:\/\/api.w.org\/{rel}","templated":true}]}}