{"id":461,"date":"2023-12-14T22:57:31","date_gmt":"2023-12-14T15:57:31","guid":{"rendered":"https:\/\/biowatertlp.com\/?page_id=461"},"modified":"2024-03-02T16:33:14","modified_gmt":"2024-03-02T09:33:14","slug":"ho-tro-24-7","status":"publish","type":"page","link":"https:\/\/biowatertlp.com\/?page_id=461","title":{"rendered":"H\u1ed7 tr\u1ee3 24\/7"},"content":{"rendered":"\n<p class=\"has-luminous-vivid-orange-color has-light-green-cyan-background-color has-text-color has-background has-link-color has-medium-font-size wp-elements-1d333778886f6de901f44d3a17afbdea\">N\u1ebfu c\u00f3 b\u1ea5t k\u1ef3 th\u1eafc m\u1eafc n\u00e0o, h\u00e3y li\u00ean h\u1ec7 ngay v\u1edbi ch\u00fang t\u00f4i:<\/p>\n\n\n\n<p class=\"has-luminous-vivid-orange-color has-light-green-cyan-background-color has-text-color has-background has-link-color has-medium-font-size wp-elements-9d20cfe1255f5eff3d339ead77d2681c\">09.389.75.389<\/p>\n\n\n\n<p class=\"has-luminous-vivid-orange-color has-light-green-cyan-background-color has-text-color has-background has-link-color has-medium-font-size wp-elements-f56fab2d5729b16164140dcbae11c53b\">09.88.97.88.91<\/p>\n\n\n\n<p class=\"has-luminous-vivid-orange-color has-light-green-cyan-background-color has-text-color has-background has-link-color has-medium-font-size wp-elements-5156c88016490939bb60486fb68c7519\">Website     <a href=\"https:\/\/biowatertlp.com\/\" target=\"_blank\" rel=\"noreferrer noopener\">https:\/\/biowatertlp.com\/<\/a><\/p>\n\n\n\n<p class=\"has-luminous-vivid-orange-color has-light-green-cyan-background-color has-text-color has-background has-link-color has-medium-font-size wp-elements-24b9099a756ca9ee4d7bd44bac123a09\">\u0110\u1ecba ch\u1ec9: 26B, \u0110\u01b0\u1eddng s\u1ed1 5, Khu ph\u1ed1 1, Ph\u01b0\u1eddng Th\u1ea1nh M\u1ef9 L\u1ee3i, Tp.Th\u1ee7 \u0110\u1ee9c, Tp.H\u1ed3 Ch\u00ed Minh<\/p>\n\n\n\n<p class=\"has-luminous-vivid-orange-color has-light-green-cyan-background-color has-text-color has-background has-link-color has-medium-font-size wp-elements-e56a501d7c20cdefde08cda6a8fa7caf\">Facebook     <a href=\"https:\/\/www.facebook.com\/menvisinhtlp\" target=\"_blank\" rel=\"noreferrer noopener\">https:\/\/www.facebook.com\/menvisinhtlp<\/a><\/p>\n","protected":false},"excerpt":{"rendered":"<p>N\u1ebfu c\u00f3 b\u1ea5t k\u1ef3 th\u1eafc m\u1eafc n\u00e0o, h\u00e3y li\u00ean h\u1ec7 ngay v\u1edbi ch\u00fang t\u00f4i: 09.389.75.389 09.88.97.88.91 Website https:\/\/biowatertlp.com\/ \u0110\u1ecba ch\u1ec9: 26B, \u0110\u01b0\u1eddng s\u1ed1 5, Khu ph\u1ed1 1, Ph\u01b0\u1eddng Th\u1ea1nh M\u1ef9 L\u1ee3i, Tp.Th\u1ee7 \u0110\u1ee9c, Tp.H\u1ed3 Ch\u00ed Minh Facebook https:\/\/www.facebook.com\/menvisinhtlp<\/p>\n","protected":false},"author":1,"featured_media":0,"parent":0,"menu_order":0,"comment_status":"closed","ping_status":"closed","template":"","meta":{"footnotes":""},"class_list":["post-461","page","type-page","status-publish","hentry"],"_links":{"self":[{"href":"https:\/\/biowatertlp.com\/index.php?rest_route=\/wp\/v2\/pages\/461","targetHints":{"allow":["GET"]}}],"collection":[{"href":"https:\/\/biowatertlp.com\/index.php?rest_route=\/wp\/v2\/pages"}],"about":[{"href":"https:\/\/biowatertlp.com\/index.php?rest_route=\/wp\/v2\/types\/page"}],"author":[{"embeddable":true,"href":"https:\/\/biowatertlp.com\/index.php?rest_route=\/wp\/v2\/users\/1"}],"replies":[{"embeddable":true,"href":"https:\/\/biowatertlp.com\/index.php?rest_route=%2Fwp%2Fv2%2Fcomments&post=461"}],"version-history":[{"count":7,"href":"https:\/\/biowatertlp.com\/index.php?rest_route=\/wp\/v2\/pages\/461\/revisions"}],"predecessor-version":[{"id":780,"href":"https:\/\/biowatertlp.com\/index.php?rest_route=\/wp\/v2\/pages\/461\/revisions\/780"}],"wp:attachment":[{"href":"https:\/\/biowatertlp.com\/index.php?rest_route=%2Fwp%2Fv2%2Fmedia&parent=461"}],"curies":[{"name":"wp","href":"https:\/\/api.w.org\/{rel}","templated":true}]}}