{"id":458,"date":"2023-12-14T22:57:31","date_gmt":"2023-12-14T15:57:31","guid":{"rendered":"https:\/\/biowatertlp.com\/?page_id=458"},"modified":"2026-02-27T18:00:59","modified_gmt":"2026-02-27T11:00:59","slug":"mua-hang","status":"publish","type":"page","link":"https:\/\/biowatertlp.com\/?page_id=458","title":{"rendered":"\u0110\u1eb7t h\u00e0ng"},"content":{"rendered":"\n<p class=\"has-luminous-vivid-orange-color has-light-green-cyan-background-color has-text-color has-background has-link-color has-medium-font-size wp-elements-7fbcf3cf94e7c5131b329c666dfd2942\">N\u1ebfu b\u1ea1n c\u1ea7n Men vi sinh x\u1eed l\u00fd n\u01b0\u1edbc, r\u00e1c th\u1ea3i &#8230; h\u00e3y li\u00ean h\u1ec7 cho ch\u00fang t\u00f4i \u0111\u1ec3 \u0111\u01b0\u1ee3c h\u1ed7 tr\u1ee3:<\/p>\n\n\n\n<p class=\"has-luminous-vivid-orange-color has-light-green-cyan-background-color has-text-color has-background has-link-color has-medium-font-size wp-elements-1aae533eea41b4823c9acd32ffa55500\">\u0110i\u1ec7n tho\u1ea1i: 09.88.97.88.91<\/p>\n\n\n\n<p class=\"has-luminous-vivid-orange-color has-light-green-cyan-background-color has-text-color has-background has-link-color has-medium-font-size wp-elements-8c6463e4d8dabadd8d55fbe88588cb6c\">Email:&nbsp;<a href=\"mailto:biowater.tlp@gmail.com\" target=\"_blank\" rel=\"noreferrer noopener\">thanhchungntt@gmail.com<\/a>&nbsp;;&nbsp;<a href=\"mailto:biowater.tlp@gmail.com\" target=\"_blank\" rel=\"noreferrer noopener\">biowater.tlp@gmail.com<\/a><\/p>\n\n\n\n<p class=\"has-luminous-vivid-orange-color has-light-green-cyan-background-color has-text-color has-background has-link-color has-medium-font-size wp-elements-e8e06da5879eefcd4bd7bbf00bd35b5a\">Website <a href=\"https:\/\/biowatertlp.com\/\" target=\"_blank\" rel=\"noreferrer noopener\">https:\/\/biowatertlp.com\/<\/a><\/p>\n\n\n\n<p class=\"has-luminous-vivid-orange-color has-light-green-cyan-background-color has-text-color has-background has-link-color has-medium-font-size wp-elements-9aca1a044c02326abfb03900caae0b46\">\u0110\u1ecba ch\u1ec9: 26B, \u0110\u01b0\u1eddng s\u1ed1 5, Khu ph\u1ed1 3, Ph\u01b0\u1eddng C\u00e1t L\u00e1i, Tp.H\u1ed3 Ch\u00ed Minh<\/p>\n\n\n\n<p class=\"has-luminous-vivid-orange-color has-light-green-cyan-background-color has-text-color has-background has-link-color has-medium-font-size wp-elements-e47191948bed6ba8e8049614ce254296\"><a href=\"https:\/\/www.facebook.com\/menvisinhtlp\" target=\"_blank\" rel=\"noreferrer noopener\">https:\/\/www.facebook.com\/menvisinhtlp<\/a><\/p>\n","protected":false},"excerpt":{"rendered":"<p>N\u1ebfu b\u1ea1n c\u1ea7n Men vi sinh x\u1eed l\u00fd n\u01b0\u1edbc, r\u00e1c th\u1ea3i &#8230; h\u00e3y li\u00ean h\u1ec7 cho ch\u00fang t\u00f4i \u0111\u1ec3 \u0111\u01b0\u1ee3c h\u1ed7 tr\u1ee3: \u0110i\u1ec7n tho\u1ea1i: 09.88.97.88.91 Email:&nbsp;thanhchungntt@gmail.com&nbsp;;&nbsp;biowater.tlp@gmail.com Website https:\/\/biowatertlp.com\/ \u0110\u1ecba ch\u1ec9: 26B, \u0110\u01b0\u1eddng s\u1ed1 5, Khu ph\u1ed1 3, Ph\u01b0\u1eddng C\u00e1t L\u00e1i, Tp.H\u1ed3 Ch\u00ed Minh https:\/\/www.facebook.com\/menvisinhtlp<\/p>\n","protected":false},"author":1,"featured_media":0,"parent":0,"menu_order":0,"comment_status":"closed","ping_status":"closed","template":"","meta":{"footnotes":""},"class_list":["post-458","page","type-page","status-publish","hentry"],"_links":{"self":[{"href":"https:\/\/biowatertlp.com\/index.php?rest_route=\/wp\/v2\/pages\/458","targetHints":{"allow":["GET"]}}],"collection":[{"href":"https:\/\/biowatertlp.com\/index.php?rest_route=\/wp\/v2\/pages"}],"about":[{"href":"https:\/\/biowatertlp.com\/index.php?rest_route=\/wp\/v2\/types\/page"}],"author":[{"embeddable":true,"href":"https:\/\/biowatertlp.com\/index.php?rest_route=\/wp\/v2\/users\/1"}],"replies":[{"embeddable":true,"href":"https:\/\/biowatertlp.com\/index.php?rest_route=%2Fwp%2Fv2%2Fcomments&post=458"}],"version-history":[{"count":12,"href":"https:\/\/biowatertlp.com\/index.php?rest_route=\/wp\/v2\/pages\/458\/revisions"}],"predecessor-version":[{"id":954,"href":"https:\/\/biowatertlp.com\/index.php?rest_route=\/wp\/v2\/pages\/458\/revisions\/954"}],"wp:attachment":[{"href":"https:\/\/biowatertlp.com\/index.php?rest_route=%2Fwp%2Fv2%2Fmedia&parent=458"}],"curies":[{"name":"wp","href":"https:\/\/api.w.org\/{rel}","templated":true}]}}