{"id":457,"date":"2023-12-14T22:57:31","date_gmt":"2023-12-14T15:57:31","guid":{"rendered":"https:\/\/biowatertlp.com\/?page_id=457"},"modified":"2026-02-27T18:00:16","modified_gmt":"2026-02-27T11:00:16","slug":"thanh-toan","status":"publish","type":"page","link":"https:\/\/biowatertlp.com\/?page_id=457","title":{"rendered":"Thanh to\u00e1n"},"content":{"rendered":"\n<p class=\"has-luminous-vivid-orange-color has-light-green-cyan-background-color has-text-color has-background has-link-color has-medium-font-size wp-elements-1d333778886f6de901f44d3a17afbdea\">N\u1ebfu c\u00f3 b\u1ea5t k\u1ef3 th\u1eafc m\u1eafc n\u00e0o, h\u00e3y li\u00ean h\u1ec7 ngay v\u1edbi ch\u00fang t\u00f4i:<\/p>\n\n\n\n<p class=\"has-luminous-vivid-orange-color has-light-green-cyan-background-color has-text-color has-background has-link-color has-medium-font-size wp-elements-1aae533eea41b4823c9acd32ffa55500\">\u0110i\u1ec7n tho\u1ea1i: 09.88.97.88.91<\/p>\n\n\n\n<p class=\"has-luminous-vivid-orange-color has-light-green-cyan-background-color has-text-color has-background has-link-color has-medium-font-size wp-elements-5d93ce73c278cf4cc95f2abc83253ef8\">Email: <a href=\"mailto:biowater.tlp@gmail.com\" target=\"_blank\" rel=\"noreferrer noopener\">thanhchungntt@gmail.com<\/a> ;&nbsp;<a href=\"mailto:biowater.tlp@gmail.com\" target=\"_blank\" rel=\"noreferrer noopener\">biowater.tlp@gmail.com<\/a><\/p>\n\n\n\n<p class=\"has-luminous-vivid-orange-color has-light-green-cyan-background-color has-text-color has-background has-link-color has-medium-font-size wp-elements-e8e06da5879eefcd4bd7bbf00bd35b5a\">Website <a href=\"https:\/\/biowatertlp.com\/\" target=\"_blank\" rel=\"noreferrer noopener\">https:\/\/biowatertlp.com\/<\/a><\/p>\n\n\n\n<p class=\"has-luminous-vivid-orange-color has-light-green-cyan-background-color has-text-color has-background has-link-color has-medium-font-size wp-elements-9aca1a044c02326abfb03900caae0b46\">\u0110\u1ecba ch\u1ec9: 26B, \u0110\u01b0\u1eddng s\u1ed1 5, Khu ph\u1ed1 3, Ph\u01b0\u1eddng C\u00e1t L\u00e1i, Tp.H\u1ed3 Ch\u00ed Minh<\/p>\n\n\n\n<p class=\"has-luminous-vivid-orange-color has-light-green-cyan-background-color has-text-color has-background has-link-color has-medium-font-size wp-elements-e47191948bed6ba8e8049614ce254296\"><a href=\"https:\/\/www.facebook.com\/menvisinhtlp\" target=\"_blank\" rel=\"noreferrer noopener\">https:\/\/www.facebook.com\/menvisinhtlp<\/a><\/p>\n","protected":false},"excerpt":{"rendered":"<p>N\u1ebfu c\u00f3 b\u1ea5t k\u1ef3 th\u1eafc m\u1eafc n\u00e0o, h\u00e3y li\u00ean h\u1ec7 ngay v\u1edbi ch\u00fang t\u00f4i: \u0110i\u1ec7n tho\u1ea1i: 09.88.97.88.91 Email: thanhchungntt@gmail.com ;&nbsp;biowater.tlp@gmail.com Website https:\/\/biowatertlp.com\/ \u0110\u1ecba ch\u1ec9: 26B, \u0110\u01b0\u1eddng s\u1ed1 5, Khu ph\u1ed1 3, Ph\u01b0\u1eddng C\u00e1t L\u00e1i, Tp.H\u1ed3 Ch\u00ed Minh https:\/\/www.facebook.com\/menvisinhtlp<\/p>\n","protected":false},"author":1,"featured_media":0,"parent":0,"menu_order":0,"comment_status":"closed","ping_status":"closed","template":"","meta":{"footnotes":""},"class_list":["post-457","page","type-page","status-publish","hentry"],"_links":{"self":[{"href":"https:\/\/biowatertlp.com\/index.php?rest_route=\/wp\/v2\/pages\/457","targetHints":{"allow":["GET"]}}],"collection":[{"href":"https:\/\/biowatertlp.com\/index.php?rest_route=\/wp\/v2\/pages"}],"about":[{"href":"https:\/\/biowatertlp.com\/index.php?rest_route=\/wp\/v2\/types\/page"}],"author":[{"embeddable":true,"href":"https:\/\/biowatertlp.com\/index.php?rest_route=\/wp\/v2\/users\/1"}],"replies":[{"embeddable":true,"href":"https:\/\/biowatertlp.com\/index.php?rest_route=%2Fwp%2Fv2%2Fcomments&post=457"}],"version-history":[{"count":12,"href":"https:\/\/biowatertlp.com\/index.php?rest_route=\/wp\/v2\/pages\/457\/revisions"}],"predecessor-version":[{"id":953,"href":"https:\/\/biowatertlp.com\/index.php?rest_route=\/wp\/v2\/pages\/457\/revisions\/953"}],"wp:attachment":[{"href":"https:\/\/biowatertlp.com\/index.php?rest_route=%2Fwp%2Fv2%2Fmedia&parent=457"}],"curies":[{"name":"wp","href":"https:\/\/api.w.org\/{rel}","templated":true}]}}