{"id":436,"date":"2023-12-14T22:53:56","date_gmt":"2023-12-14T15:53:56","guid":{"rendered":"https:\/\/biowatertlp.com\/?page_id=436"},"modified":"2024-02-21T21:11:45","modified_gmt":"2024-02-21T14:11:45","slug":"bio-waste","status":"publish","type":"page","link":"https:\/\/biowatertlp.com\/?page_id=436","title":{"rendered":"Bio Waste"},"content":{"rendered":"\n<p class=\"has-text-align-center has-vivid-green-cyan-color has-text-color has-link-color has-medium-font-size wp-elements-ccc25076616741e559469045b970c496\"><strong><em>Vi sinh Bio Waste \u0111\u01b0\u1ee3c ph\u00e2n l\u1eadp \u0111\u1ec3 t\u0103ng qu\u00e1 tr\u00ecnh ph\u00e2n hu\u1ef7 r\u00e1c h\u1eefu c\u01a1, \u0111\u1ea9y nhanh qu\u00e1 tr\u00ecnh Compost, r\u00fat ng\u1eafn th\u1eddi gian \u1ee7. T\u1ea1o ngu\u1ed3n ph\u00e2n h\u1eefu c\u01a1 c\u00f3 h\u1ec7 vi sinh h\u1eefu \u00edch trong th\u00e0nh ph\u1ea9m<\/em><\/strong><\/p>\n\n\n\n<ol class=\"wp-block-list\">\n<li>Th\u00e0nh ph\u1ea7n: Bao g\u1ed3m c\u00e1c ch\u1ee7ng vi sinh chuy\u00ean d\u1ee5ng h\u1eefu \u00edch (Vi khu\u1ea9n Bacillus Sp, N\u1ea5m men Nitrobacter Sp, X\u1ea1 khu\u1ea9n) &gt;= 1010 CFU\/kg)<\/li>\n\n\n\n<li>Hi\u1ec7u qu\u1ea3:\n<ul class=\"wp-block-list\">\n<li>X\u1eed l\u00fd hi\u1ec7u qu\u1ea3 c\u00e1c ngu\u1ed3n r\u00e1c th\u00e1i c\u00f3 h\u00e0m l\u01b0\u1ee3ng Cellulose cao<\/li>\n\n\n\n<li>Ph\u00e2n h\u1ee7y nhanh kh\u00ed \u0111\u1ed9c NH<sub>3, <\/sub>NO<sub>2<\/sub>, H<sub>2<\/sub>S<\/li>\n\n\n\n<li>Ph\u00e2n h\u1ee7y nhanh c\u00e1c ch\u1ea5t h\u1eefu c\u01a1 c\u00f3 trong r\u00e1c th\u1ea3i <\/li>\n\n\n\n<li>Gi\u1ea3m m\u00f9i h\u00f4i trong qu\u00e1 tr\u00ecnh \u1ee7 r\u00e1c<\/li>\n<\/ul>\n<\/li>\n\n\n\n<li>H\u01b0\u1edbng d\u1eabn s\u1eed d\u1ee5ng:\n<ul class=\"wp-block-list\">\n<li>Kh\u1edfi \u0111\u1ed9ng h\u1ec7 th\u1ed1ng: s\u1eed d\u1ee5ng 1kg Bio Waste cho 100 &#8211; 400 kg r\u00e1c th\u1ea3i<\/li>\n\n\n\n<li>T\u00f9y v\u00e0o m\u1ee9c \u0111\u1ed9 \u00f4 nhi\u1ec5m c\u1ee7a r\u00e1c th\u1ea3i \u0111\u1ec3 c\u00f3 th\u1ec3 t\u0103ng hay gi\u1ea3m li\u1ec1u l\u01b0\u1ee3ng s\u1eed d\u1ee5ng cho ph\u00f9 h\u1ee3p<\/li>\n\n\n\n<li>X\u1eed l\u00fd trong \u0111i\u1ec1u ki\u1ec7n hi\u1ebfu kh\u00ed v\u00e0 k\u1ef5 kh\u00ed t\u00f9y nghi<\/li>\n<\/ul>\n<\/li>\n\n\n\n<li>B\u1ea3o qu\u1ea3n: \n<ul class=\"wp-block-list\">\n<li>\u0110\u1ec3 n\u01a1i kh\u00f4 r\u00e1o, tho\u00e1ng m\u00e1t, tr\u00e1nh \u00e1nh s\u00e1ng tr\u1ef1c ti\u1ebfp<\/li>\n\n\n\n<li>Tuy\u1ec7t \u0111\u1ed1i kh\u00f4ng d\u00f9ng chung v\u1edbi c\u00e1c lo\u1ea1i h\u00f3a ch\u1ea5t di\u1ec7t khu\u1ea9n kh\u00e1c<\/li>\n\n\n\n<li>H\u1ea1n s\u1eed d\u1ee5ng: 12 th\u00e1ng<\/li>\n<\/ul>\n<\/li>\n<\/ol>\n\n\n<div class=\"wp-block-image\">\n<figure class=\"aligncenter size-full is-resized\"><img loading=\"lazy\" decoding=\"async\" width=\"1024\" height=\"1024\" src=\"https:\/\/biowatertlp.com\/wp-content\/uploads\/2024\/02\/z5180499037786_c2521ec6b40c1ba9dc1acfe19d8d5337.jpg\" alt=\"\" class=\"wp-image-697\" style=\"width:340px\" srcset=\"https:\/\/biowatertlp.com\/wp-content\/uploads\/2024\/02\/z5180499037786_c2521ec6b40c1ba9dc1acfe19d8d5337.jpg 1024w, https:\/\/biowatertlp.com\/wp-content\/uploads\/2024\/02\/z5180499037786_c2521ec6b40c1ba9dc1acfe19d8d5337-300x300.jpg 300w, https:\/\/biowatertlp.com\/wp-content\/uploads\/2024\/02\/z5180499037786_c2521ec6b40c1ba9dc1acfe19d8d5337-150x150.jpg 150w, https:\/\/biowatertlp.com\/wp-content\/uploads\/2024\/02\/z5180499037786_c2521ec6b40c1ba9dc1acfe19d8d5337-768x768.jpg 768w, https:\/\/biowatertlp.com\/wp-content\/uploads\/2024\/02\/z5180499037786_c2521ec6b40c1ba9dc1acfe19d8d5337-60x60.jpg 60w\" sizes=\"auto, (max-width: 1024px) 100vw, 1024px\" \/><\/figure><\/div>\n\n\n<div class=\"wp-block-columns are-vertically-aligned-center is-layout-flex wp-container-core-columns-is-layout-1 wp-block-columns-is-layout-flex\">\n<div class=\"wp-block-column is-vertically-aligned-center has-luminous-vivid-orange-color has-light-green-cyan-background-color has-text-color has-background has-link-color wp-elements-962c9465ecd4a4ef207a0ac6bf43088a is-layout-flow wp-block-column-is-layout-flow\">\n<p class=\"has-text-align-center has-medium-font-size\"><strong>\u0110\u1eb6T H\u00c0NG<\/strong><\/p>\n<\/div>\n\n\n\n<div class=\"wp-block-column is-vertically-aligned-center has-luminous-vivid-orange-color has-light-green-cyan-background-color has-text-color has-background has-link-color has-medium-font-size wp-elements-d306a93c2b953754236289c3a2c94c48 is-layout-flow wp-block-column-is-layout-flow\">\n<p class=\"has-text-align-center has-medium-font-size\"><strong>LI\u00caN H\u1ec6<\/strong><\/p>\n<\/div>\n<\/div>\n","protected":false},"excerpt":{"rendered":"<p>Vi sinh Bio Waste \u0111\u01b0\u1ee3c ph\u00e2n l\u1eadp \u0111\u1ec3 t\u0103ng qu\u00e1 tr\u00ecnh ph\u00e2n hu\u1ef7 r\u00e1c h\u1eefu c\u01a1, \u0111\u1ea9y nhanh qu\u00e1 tr\u00ecnh Compost, r\u00fat ng\u1eafn th\u1eddi gian \u1ee7. T\u1ea1o ngu\u1ed3n ph\u00e2n h\u1eefu c\u01a1 c\u00f3 h\u1ec7 vi sinh h\u1eefu \u00edch trong th\u00e0nh ph\u1ea9m \u0110\u1eb6T H\u00c0NG LI\u00caN H\u1ec6<\/p>\n","protected":false},"author":1,"featured_media":0,"parent":0,"menu_order":0,"comment_status":"closed","ping_status":"closed","template":"","meta":{"footnotes":""},"class_list":["post-436","page","type-page","status-publish","hentry"],"_links":{"self":[{"href":"https:\/\/biowatertlp.com\/index.php?rest_route=\/wp\/v2\/pages\/436","targetHints":{"allow":["GET"]}}],"collection":[{"href":"https:\/\/biowatertlp.com\/index.php?rest_route=\/wp\/v2\/pages"}],"about":[{"href":"https:\/\/biowatertlp.com\/index.php?rest_route=\/wp\/v2\/types\/page"}],"author":[{"embeddable":true,"href":"https:\/\/biowatertlp.com\/index.php?rest_route=\/wp\/v2\/users\/1"}],"replies":[{"embeddable":true,"href":"https:\/\/biowatertlp.com\/index.php?rest_route=%2Fwp%2Fv2%2Fcomments&post=436"}],"version-history":[{"count":10,"href":"https:\/\/biowatertlp.com\/index.php?rest_route=\/wp\/v2\/pages\/436\/revisions"}],"predecessor-version":[{"id":703,"href":"https:\/\/biowatertlp.com\/index.php?rest_route=\/wp\/v2\/pages\/436\/revisions\/703"}],"wp:attachment":[{"href":"https:\/\/biowatertlp.com\/index.php?rest_route=%2Fwp%2Fv2%2Fmedia&parent=436"}],"curies":[{"name":"wp","href":"https:\/\/api.w.org\/{rel}","templated":true}]}}