{"id":435,"date":"2023-12-14T22:53:56","date_gmt":"2023-12-14T15:53:56","guid":{"rendered":"https:\/\/biowatertlp.com\/?page_id=435"},"modified":"2024-02-21T20:33:47","modified_gmt":"2024-02-21T13:33:47","slug":"bio-water-lp","status":"publish","type":"page","link":"https:\/\/biowatertlp.com\/?page_id=435","title":{"rendered":"Bio Water LP"},"content":{"rendered":"\n<p class=\"has-text-align-center has-vivid-green-cyan-color has-white-background-color has-text-color has-background has-link-color has-medium-font-size wp-elements-c82345417d5e44c0ee6f6248157c0280\"><strong><em>Vi sinh x\u1eed l\u00fd n\u01b0\u1edbc th\u1ea3i Bio Water LP bao g\u1ed3m c\u00e1c d\u00f2ng vi khu\u1ea9n h\u1eefu \u00edch gi\u00fap \u0111\u1ea9y nhanh qu\u00e1 tr\u00ecnh ph\u00e2n gi\u1ea3i lipase th\u00e0nh c\u00e1c Amino axit \u0111\u1ec3 vi sinh v\u1eadt d\u1ec5 h\u1ea5p thu v\u00e0 l\u00e0 ngu\u1ed3n dinh d\u01b0\u1ee1ng cho vi sinh v\u1eadt, gi\u00fap hi\u1ec7u qu\u1ea3 trong h\u1ec7 th\u1ed1ng x\u1eed l\u00fd n\u01b0\u1edbc th\u1ea3i.<\/em><\/strong><\/p>\n\n\n\n<ol class=\"wp-block-list\">\n<li><strong>Th\u00e0nh ph\u1ea7n<\/strong>\n<ul class=\"wp-block-list\">\n<li>Vi khu\u1ea9n h\u1eefu \u00edch &gt; 10<sup>9<\/sup> CFU\/g<\/li>\n\n\n\n<li>Enzym.<\/li>\n<\/ul>\n<\/li>\n\n\n\n<li><strong>Hi\u1ec7u qu\u1ea3<\/strong>\n<ul class=\"wp-block-list\">\n<li>X\u1eed l\u00fd hi\u1ec7u qu\u1ea3 n\u01b0\u1edbc th\u1ea3i c\u00f3 h\u00e0m l\u01b0\u1ee3ng d\u1ea7u m\u1ee1 cao.<\/li>\n\n\n\n<li>Th\u1ee7y ph\u00e2n nhanh ch\u1ed1ng c\u00e1c lo\u1ea1i d\u1ea7u m\u1ee1 \u0111\u1ed9ng th\u1ef1c v\u1eadt trong h\u1ec7 th\u1ed1ng x\u1eed l\u00fd n\u01b0\u1edbc th\u1ea3i.<\/li>\n\n\n\n<li>Ch\u1ed1ng t\u1eafc \u0111\u01b0\u1eddng \u1ed1ng tho\u00e1t n\u01b0\u1edbc th\u1ea3i nhi\u1ec5m d\u1ea7u m\u1ee1<\/li>\n\n\n\n<li>H\u1ea1n ch\u1ebf m\u00f9i h\u00f4i th\u1ed1i trong qu\u00e1 tr\u00ecnh v\u1eadn h\u00e0nh h\u1ec7 th\u1ed1ng.<\/li>\n<\/ul>\n<\/li>\n\n\n\n<li><strong>H\u01b0\u1edbng d\u1eabn s\u1eed d\u1ee5ng<\/strong>\n<ul class=\"wp-block-list\">\n<li>Li\u1ec1u kh\u1edfi \u0111\u1ed9ng: 1 l\u00edt\/10 m<sup>3<\/sup> &nbsp;\u0111\u1ebfn 50 m<sup>3<\/sup> n\u01b0\u1edbc th\u1ea3i (cho tr\u1ef1c ti\u1ebfp v\u00e0o h\u1ec7 th\u1ed1ng x\u1eed l\u00fd n\u01b0\u1edbc th\u1ea3i nhi\u1ec5m d\u1ea7u m\u1ee1)<\/li>\n\n\n\n<li>Li\u1ec1u duy tr\u00ec: B\u1ed5 sung 1 l\u00edt cho 100 m<sup>3<\/sup>&nbsp;n\u01b0\u1edbc th\u1ea3i nhi\u1ec5m d\u1ea7u m\u1ee1<\/li>\n<\/ul>\n<\/li>\n\n\n\n<li><strong>B\u1ea3o qu\u1ea3n<\/strong>\n<ul class=\"wp-block-list\">\n<li>\u0110\u1ec3 n\u01a1i kh\u00f4 r\u00e1o, tho\u00e1ng m\u00e1t, tr\u00e1nh \u00e1nh s\u00e1ng tr\u1ef1c ti\u1ebfp<\/li>\n\n\n\n<li>H\u1ea1n s\u1eed d\u1ee5ng: 12 th\u00e1ng<\/li>\n<\/ul>\n<\/li>\n<\/ol>\n\n\n<div class=\"wp-block-image\">\n<figure class=\"aligncenter size-large is-resized\"><img loading=\"lazy\" decoding=\"async\" width=\"1024\" height=\"997\" src=\"https:\/\/biowatertlp.com\/wp-content\/uploads\/2024\/01\/z4888635970245_c999e02596791d74cfae4851d3767546-1024x997.jpg\" alt=\"\" class=\"wp-image-652\" style=\"width:340px\" srcset=\"https:\/\/biowatertlp.com\/wp-content\/uploads\/2024\/01\/z4888635970245_c999e02596791d74cfae4851d3767546-1024x997.jpg 1024w, https:\/\/biowatertlp.com\/wp-content\/uploads\/2024\/01\/z4888635970245_c999e02596791d74cfae4851d3767546-300x292.jpg 300w, https:\/\/biowatertlp.com\/wp-content\/uploads\/2024\/01\/z4888635970245_c999e02596791d74cfae4851d3767546-768x748.jpg 768w, https:\/\/biowatertlp.com\/wp-content\/uploads\/2024\/01\/z4888635970245_c999e02596791d74cfae4851d3767546-62x60.jpg 62w, https:\/\/biowatertlp.com\/wp-content\/uploads\/2024\/01\/z4888635970245_c999e02596791d74cfae4851d3767546.jpg 1280w\" sizes=\"auto, (max-width: 1024px) 100vw, 1024px\" \/><\/figure><\/div>\n\n\n<div class=\"wp-block-columns is-layout-flex wp-container-core-columns-is-layout-1 wp-block-columns-is-layout-flex\">\n<div class=\"wp-block-column is-layout-flow wp-block-column-is-layout-flow\">\n<p class=\"has-text-align-center has-luminous-vivid-orange-color has-light-green-cyan-background-color has-text-color has-background has-link-color wp-elements-b16ba60546412cb6fa91e7f408103f74\"><strong>\u0110\u1eb6T H\u00c0NG<\/strong><\/p>\n<\/div>\n\n\n\n<div class=\"wp-block-column is-layout-flow wp-block-column-is-layout-flow\">\n<p class=\"has-text-align-center has-luminous-vivid-orange-color has-light-green-cyan-background-color has-text-color has-background has-link-color wp-elements-b140061b4f0104d09236a54a76f00818\"><strong>LI\u00caN H\u1ec6<\/strong><\/p>\n<\/div>\n<\/div>\n","protected":false},"excerpt":{"rendered":"<p>Vi sinh x\u1eed l\u00fd n\u01b0\u1edbc th\u1ea3i Bio Water LP bao g\u1ed3m c\u00e1c d\u00f2ng vi khu\u1ea9n h\u1eefu \u00edch gi\u00fap \u0111\u1ea9y nhanh qu\u00e1 tr\u00ecnh ph\u00e2n gi\u1ea3i lipase th\u00e0nh c\u00e1c Amino axit \u0111\u1ec3 vi sinh v\u1eadt d\u1ec5 h\u1ea5p thu v\u00e0 l\u00e0 ngu\u1ed3n dinh d\u01b0\u1ee1ng cho vi sinh v\u1eadt, gi\u00fap hi\u1ec7u qu\u1ea3 trong h\u1ec7 th\u1ed1ng x\u1eed l\u00fd n\u01b0\u1edbc th\u1ea3i. &hellip; <\/p>\n","protected":false},"author":1,"featured_media":0,"parent":0,"menu_order":0,"comment_status":"closed","ping_status":"closed","template":"","meta":{"footnotes":""},"class_list":["post-435","page","type-page","status-publish","hentry"],"_links":{"self":[{"href":"https:\/\/biowatertlp.com\/index.php?rest_route=\/wp\/v2\/pages\/435","targetHints":{"allow":["GET"]}}],"collection":[{"href":"https:\/\/biowatertlp.com\/index.php?rest_route=\/wp\/v2\/pages"}],"about":[{"href":"https:\/\/biowatertlp.com\/index.php?rest_route=\/wp\/v2\/types\/page"}],"author":[{"embeddable":true,"href":"https:\/\/biowatertlp.com\/index.php?rest_route=\/wp\/v2\/users\/1"}],"replies":[{"embeddable":true,"href":"https:\/\/biowatertlp.com\/index.php?rest_route=%2Fwp%2Fv2%2Fcomments&post=435"}],"version-history":[{"count":12,"href":"https:\/\/biowatertlp.com\/index.php?rest_route=\/wp\/v2\/pages\/435\/revisions"}],"predecessor-version":[{"id":690,"href":"https:\/\/biowatertlp.com\/index.php?rest_route=\/wp\/v2\/pages\/435\/revisions\/690"}],"wp:attachment":[{"href":"https:\/\/biowatertlp.com\/index.php?rest_route=%2Fwp%2Fv2%2Fmedia&parent=435"}],"curies":[{"name":"wp","href":"https:\/\/api.w.org\/{rel}","templated":true}]}}