{"id":434,"date":"2023-12-14T22:53:56","date_gmt":"2023-12-14T15:53:56","guid":{"rendered":"https:\/\/biowatertlp.com\/?page_id=434"},"modified":"2024-02-21T20:35:55","modified_gmt":"2024-02-21T13:35:55","slug":"bio-water-an","status":"publish","type":"page","link":"https:\/\/biowatertlp.com\/?page_id=434","title":{"rendered":"Bio Water AN"},"content":{"rendered":"\n<p class=\"has-text-align-center has-vivid-green-cyan-color has-text-color has-link-color has-medium-font-size wp-elements-b2b7bf21a60f3300be11c9b943f44ff8\"><strong><em>Vi sinh x\u1eed l\u00fd n\u01b0\u1edbc th\u1ea3i Bio Water AN bao g\u1ed3m c\u00e1c d\u00f2ng vi khu\u1ea9n k\u1ef5 kh\u00ed gi\u00fap \u0111\u1ea9y nhanh qu\u00e1 tr\u00ecnh x\u1eed l\u00fd ch\u1ea5t h\u1eefu c\u01a1, Phosphate h\u00f3a, hi\u1ec7u qu\u1ea3 trong h\u1ec7 th\u1ed1ng x\u1eed l\u00fd n\u01b0\u1edbc th\u1ea3i k\u1ef5 kh\u00ed<\/em><\/strong><\/p>\n\n\n\n<ol class=\"wp-block-list\">\n<li><strong>Th\u00e0nh ph\u1ea7n s\u1ea3n ph\u1ea9m<\/strong>\n<ul class=\"wp-block-list\">\n<li>Vi khu\u1ea9n Lactobacillus sp\u2265 10<sup>8 <\/sup>CFU\/g<\/li>\n\n\n\n<li>Vi khu\u1ea9n Bacillus sp\u2265 10<sup>9<\/sup> CFU\/g<\/li>\n\n\n\n<li>N\u1ea5m men Saccharomyces sp\u2265 10<sup>8 <\/sup>CFU\/g<\/li>\n\n\n\n<li>N\u1ea5m m\u1ed1c t\u1ed5ng s\u1ed1 \u2265 10<sup>8<\/sup> CFU\/g<\/li>\n<\/ul>\n<\/li>\n\n\n\n<li><strong>Hi\u1ec7u qu\u1ea3 x\u1eed l\u00fd<\/strong>\n<ul class=\"wp-block-list\">\n<li>X\u1eed l\u00fd hi\u1ec7u qu\u1ea3 n\u01b0\u1edbc th\u1ea3i c\u00f3 h\u00e0m l\u01b0\u1ee3ng COD, BOD, gi\u1ea3m Nit\u01a1<\/li>\n\n\n\n<li>Th\u00fac \u0111\u1ea9y nhanh qu\u00e1 tr\u00ecnh Phosphate h\u00f3a, gi\u1ea3m Phospho t\u1ed5ng trong h\u1ec7 th\u1ed1ng x\u1eed l\u00fd n\u01b0\u1edbc th\u1ea3i<\/li>\n\n\n\n<li>X\u1eed l\u00fd nhanh c\u00e1c h\u1ee3p ch\u1ea5t h\u1eefu c\u01a1 trong n\u01b0\u1edbc th\u1ea3i sinh ho\u1ea1t, c\u00f4ng nghi\u1ec7p&#8230;<\/li>\n\n\n\n<li>Vi sinh ch\u1ecbu t\u1ea3i cao, gi\u1ea3m chi ph\u00ed x\u1eed l\u00fd<\/li>\n<\/ul>\n<\/li>\n\n\n\n<li><strong>H\u01b0\u1edbng d\u1eabn s\u1eed d\u1ee5ng<\/strong>\n<ul class=\"wp-block-list\">\n<li>\u0110\u1ec3 cho qu\u00e1 tr\u00ecnh chuy\u1ec3n h\u00f3a nhanh, n\u00ean ho\u1ea1t h\u00f3a vi sinh b\u1eb1ng c\u00e1ch d\u00f9ng 1Kg Vi sinh + 0.5Kg M\u1eadt r\u1ec9 + 10 l\u00edt n\u01b0\u1edbc s\u1ea1ch, \u0111\u1ec3 t\u0129nh trong 4h \u0111\u1ebfn 8h, mang \u0111i s\u1eed d\u1ee5ng cho h\u1ec7 th\u1ed1ng x\u1eed l\u00fd n\u01b0\u1edbc th\u1ea3i<\/li>\n\n\n\n<li>Li\u1ec1u kh\u1edfi \u0111\u1ed9ng: 5kg\/100 m<sup>3<\/sup> n\u01b0\u1edbc th\u1ea3i<\/li>\n\n\n\n<li>Li\u1ec1u duy tr\u00ec: B\u1ed5 sung 500g cho 100 m<sup>3<\/sup> n\u01b0\u1edbc th\u1ea3i<\/li>\n\n\n\n<li>Vi sinh ho\u1ea1t \u0111\u1ed9ng trong \u0111i\u1ec1u ki\u1ec7n k\u1ecb kh\u00ed ho\u1eb7c y\u1ebfm kh\u00ed t\u00f9y nghi<\/li>\n<\/ul>\n<\/li>\n\n\n\n<li><strong>B\u1ea3o qu\u1ea3n<\/strong><strong><\/strong>\n<ul class=\"wp-block-list\">\n<li>\u0110\u1ec3 n\u01a1i kh\u00f4 r\u00e1o, tho\u00e1ng m\u00e1t, tr\u00e1nh \u00e1nh s\u00e1ng tr\u1ef1c ti\u1ebfp.<\/li>\n\n\n\n<li>H\u1ea1n s\u1eed d\u1ee5ng: 12 th\u00e1ng.<\/li>\n<\/ul>\n<\/li>\n<\/ol>\n\n\n<div class=\"wp-block-image\">\n<figure class=\"aligncenter size-large is-resized\"><img loading=\"lazy\" decoding=\"async\" width=\"733\" height=\"1024\" src=\"https:\/\/biowatertlp.com\/wp-content\/uploads\/2023\/12\/z4947884077214_ba88e7c862647a9e789d1c18a1c2f732-5-733x1024.jpg\" alt=\"\" class=\"wp-image-598\" style=\"width:340px\" srcset=\"https:\/\/biowatertlp.com\/wp-content\/uploads\/2023\/12\/z4947884077214_ba88e7c862647a9e789d1c18a1c2f732-5-733x1024.jpg 733w, https:\/\/biowatertlp.com\/wp-content\/uploads\/2023\/12\/z4947884077214_ba88e7c862647a9e789d1c18a1c2f732-5-215x300.jpg 215w, https:\/\/biowatertlp.com\/wp-content\/uploads\/2023\/12\/z4947884077214_ba88e7c862647a9e789d1c18a1c2f732-5-768x1073.jpg 768w, https:\/\/biowatertlp.com\/wp-content\/uploads\/2023\/12\/z4947884077214_ba88e7c862647a9e789d1c18a1c2f732-5-43x60.jpg 43w, https:\/\/biowatertlp.com\/wp-content\/uploads\/2023\/12\/z4947884077214_ba88e7c862647a9e789d1c18a1c2f732-5.jpg 895w\" sizes=\"auto, (max-width: 733px) 100vw, 733px\" \/><\/figure><\/div>\n\n\n<div class=\"wp-block-columns is-layout-flex wp-container-core-columns-is-layout-1 wp-block-columns-is-layout-flex\">\n<div class=\"wp-block-column is-layout-flow wp-block-column-is-layout-flow\">\n<p class=\"has-text-align-center has-luminous-vivid-orange-color has-light-green-cyan-background-color has-text-color has-background has-link-color wp-elements-b16ba60546412cb6fa91e7f408103f74\"><strong>\u0110\u1eb6T H\u00c0NG<\/strong><\/p>\n<\/div>\n\n\n\n<div class=\"wp-block-column is-layout-flow wp-block-column-is-layout-flow\">\n<p class=\"has-text-align-center has-luminous-vivid-orange-color has-light-green-cyan-background-color has-text-color has-background has-link-color wp-elements-b140061b4f0104d09236a54a76f00818\"><strong>LI\u00caN H\u1ec6<\/strong><\/p>\n<\/div>\n<\/div>\n","protected":false},"excerpt":{"rendered":"<p>Vi sinh x\u1eed l\u00fd n\u01b0\u1edbc th\u1ea3i Bio Water AN bao g\u1ed3m c\u00e1c d\u00f2ng vi khu\u1ea9n k\u1ef5 kh\u00ed gi\u00fap \u0111\u1ea9y nhanh qu\u00e1 tr\u00ecnh x\u1eed l\u00fd ch\u1ea5t h\u1eefu c\u01a1, Phosphate h\u00f3a, hi\u1ec7u qu\u1ea3 trong h\u1ec7 th\u1ed1ng x\u1eed l\u00fd n\u01b0\u1edbc th\u1ea3i k\u1ef5 kh\u00ed \u0110\u1eb6T H\u00c0NG LI\u00caN H\u1ec6<\/p>\n","protected":false},"author":1,"featured_media":0,"parent":0,"menu_order":0,"comment_status":"closed","ping_status":"closed","template":"","meta":{"footnotes":""},"class_list":["post-434","page","type-page","status-publish","hentry"],"_links":{"self":[{"href":"https:\/\/biowatertlp.com\/index.php?rest_route=\/wp\/v2\/pages\/434","targetHints":{"allow":["GET"]}}],"collection":[{"href":"https:\/\/biowatertlp.com\/index.php?rest_route=\/wp\/v2\/pages"}],"about":[{"href":"https:\/\/biowatertlp.com\/index.php?rest_route=\/wp\/v2\/types\/page"}],"author":[{"embeddable":true,"href":"https:\/\/biowatertlp.com\/index.php?rest_route=\/wp\/v2\/users\/1"}],"replies":[{"embeddable":true,"href":"https:\/\/biowatertlp.com\/index.php?rest_route=%2Fwp%2Fv2%2Fcomments&post=434"}],"version-history":[{"count":6,"href":"https:\/\/biowatertlp.com\/index.php?rest_route=\/wp\/v2\/pages\/434\/revisions"}],"predecessor-version":[{"id":692,"href":"https:\/\/biowatertlp.com\/index.php?rest_route=\/wp\/v2\/pages\/434\/revisions\/692"}],"wp:attachment":[{"href":"https:\/\/biowatertlp.com\/index.php?rest_route=%2Fwp%2Fv2%2Fmedia&parent=434"}],"curies":[{"name":"wp","href":"https:\/\/api.w.org\/{rel}","templated":true}]}}