{"id":433,"date":"2023-12-14T22:53:56","date_gmt":"2023-12-14T15:53:56","guid":{"rendered":"https:\/\/biowatertlp.com\/?page_id=433"},"modified":"2024-02-21T20:26:47","modified_gmt":"2024-02-21T13:26:47","slug":"bio-water-nh4","status":"publish","type":"page","link":"https:\/\/biowatertlp.com\/?page_id=433","title":{"rendered":"Bio Water NH4"},"content":{"rendered":"\n<p class=\"has-text-align-center has-vivid-green-cyan-color has-text-color has-link-color has-medium-font-size wp-elements-7413ed5ded592973b81dd46387999418\"><strong><em>Vi sinh x\u1eed l\u00fd n\u01b0\u1edbc th\u1ea3i Bio Water NH4 bao g\u1ed3m c\u00e1c d\u00f2ng vi khu\u1ea9n gi\u00fap \u0111\u1ea9y nhanh qu\u00e1 tr\u00ecnh Nitrat h\u00f3a, hi\u1ec7u qu\u1ea3 trong h\u1ec7 th\u1ed1ng x\u1eed l\u00fd n\u01b0\u1edbc th\u1ea3i.<\/em><\/strong><\/p>\n\n\n\n<ol class=\"wp-block-list\">\n<li><strong>Th\u00e0nh ph\u1ea7n<\/strong>\n<ul class=\"wp-block-list\">\n<li>Nitrobacter sp \u2265 10<sup>9<\/sup> CFU\/g<\/li>\n\n\n\n<li>Nitrosomonas sp \u2265 10<sup>9<\/sup> CFU\/g<\/li>\n\n\n\n<li>Rhodobacter sp\u2265 10<sup>9<\/sup> CFU\/g<\/li>\n<\/ul>\n<\/li>\n\n\n\n<li><strong>Hi\u1ec7u qu\u1ea3<\/strong>\n<ul class=\"wp-block-list\">\n<li>X\u1eed l\u00fd hi\u1ec7u qu\u1ea3 c\u00e1c ngu\u1ed3n n\u01b0\u1edbc th\u1ea3i c\u00f3 h\u00e0m l\u01b0\u1ee3ng nit\u01a1 cao<\/li>\n\n\n\n<li>X\u1eed l\u00fd nhanh c\u00e1c h\u1ee3p ch\u1ea5t h\u1eefu c\u01a1 trong n\u01b0\u1edbc th\u1ea3i sinh ho\u1ea1t c\u00f4ng nghi\u1ec7p.<\/li>\n\n\n\n<li>Th\u00fac \u0111\u1ea9y nhanh qu\u00e1 tr\u00ecnh Nitrat h\u00f3a, gi\u1ea3m Amoni (NH4), Nit\u01a1 (N2) trong h\u1ec7 th\u1ed1ng x\u1eed l\u00fd n\u01b0\u1edbc th\u1ea3i.<\/li>\n\n\n\n<li>Vi sinh ch\u1ecbu t\u1ea3i cao, gi\u1ea3m chi ph\u00ed x\u1eed l\u00fd<\/li>\n\n\n\n<li>H\u1ea1n ch\u1ebf m\u00f9i h\u00f4i th\u1ed1i trong qu\u00e1 tr\u00ecnh v\u1eadn h\u00e0nh h\u1ec7 th\u1ed1ng.<\/li>\n<\/ul>\n<\/li>\n\n\n\n<li><strong>H\u01b0\u1edbng d\u1eabn s\u1eed d\u1ee5ng<\/strong>\n<ul class=\"wp-block-list\">\n<li>\u0110\u1ec3 cho qu\u00e1 tr\u00ecnh chuy\u1ec3n h\u00f3a nhanh, n\u00ean ho\u1ea1t h\u00f3a vi sinh b\u1eb1ng c\u00e1ch d\u00f9ng 1kg vi sinh + 0,5 kg m\u1eadt r\u1ec9 + 10 l\u00edt n\u01b0\u1edbc s\u1ea1ch, \u0111\u1ec3 t\u0129nh 4h mang \u0111i s\u1eed d\u1ee5ng cho h\u1ec7 th\u1ed1ng x\u1eed l\u00fd n\u01b0\u1edbc th\u1ea3i.<\/li>\n\n\n\n<li>Li\u1ec1u kh\u1edfi \u0111\u1ed9ng: 5kg\/ 100m<sup>3 <\/sup>n\u01b0\u1edbc th\u1ea3i<\/li>\n\n\n\n<li>Duy tr\u00ec: Li\u1ec1u l\u01b0\u1ee3ng 500g\/ 100m<sup>3<\/sup> n\u01b0\u1edbc th\u1ea3i<\/li>\n\n\n\n<li>Do ch\u1ee7ng vi sinh Nitrobacter v\u00e0 Nitrosomonas y\u1ebfu h\u01a1n c\u00e1c ch\u1ee7ng kh\u00e1c, n\u00ean m\u1eadt \u0111\u1ed9 s\u1ebd gi\u1ea3m theo th\u1eddi gian x\u1eed l\u00fd. C\u1ea7n b\u1ed5 sung l\u01b0\u1ee3ng thi\u1ebfu h\u1ee5t cho h\u1ec7 th\u1ed1ng x\u1eed l\u00fd n\u01b0\u1edbc th\u1ea3i.<\/li>\n<\/ul>\n<\/li>\n\n\n\n<li><strong>B\u1ea3o qu\u1ea3n<\/strong>\n<ul class=\"wp-block-list\">\n<li>\u0110\u1ec3 n\u01a1i kh\u00f4 r\u00e1o, tho\u00e1ng m\u00e1t, tr\u00e1nh \u00e1nh s\u00e1ng tr\u1ef1c ti\u1ebfp<\/li>\n\n\n\n<li>H\u1ea1n s\u1eed d\u1ee5ng: 12 th\u00e1ng<\/li>\n<\/ul>\n<\/li>\n<\/ol>\n\n\n<div class=\"wp-block-image\">\n<figure class=\"aligncenter size-large is-resized\"><img loading=\"lazy\" decoding=\"async\" width=\"705\" height=\"1024\" src=\"https:\/\/biowatertlp.com\/wp-content\/uploads\/2023\/12\/z4888628710526_1fa3faebab95d63384ffe0971c5cda3d-12-705x1024.jpg\" alt=\"\" class=\"wp-image-514\" style=\"width:340px;height:auto\" srcset=\"https:\/\/biowatertlp.com\/wp-content\/uploads\/2023\/12\/z4888628710526_1fa3faebab95d63384ffe0971c5cda3d-12-705x1024.jpg 705w, https:\/\/biowatertlp.com\/wp-content\/uploads\/2023\/12\/z4888628710526_1fa3faebab95d63384ffe0971c5cda3d-12-206x300.jpg 206w, https:\/\/biowatertlp.com\/wp-content\/uploads\/2023\/12\/z4888628710526_1fa3faebab95d63384ffe0971c5cda3d-12-768x1116.jpg 768w, https:\/\/biowatertlp.com\/wp-content\/uploads\/2023\/12\/z4888628710526_1fa3faebab95d63384ffe0971c5cda3d-12-41x60.jpg 41w, https:\/\/biowatertlp.com\/wp-content\/uploads\/2023\/12\/z4888628710526_1fa3faebab95d63384ffe0971c5cda3d-12.jpg 881w\" sizes=\"auto, (max-width: 705px) 100vw, 705px\" \/><\/figure><\/div>\n\n\n<div class=\"wp-block-columns is-layout-flex wp-container-core-columns-is-layout-1 wp-block-columns-is-layout-flex\">\n<div class=\"wp-block-column is-layout-flow wp-block-column-is-layout-flow\">\n<p class=\"has-text-align-center has-luminous-vivid-orange-color has-light-green-cyan-background-color has-text-color has-background has-link-color wp-elements-b16ba60546412cb6fa91e7f408103f74\"><strong>\u0110\u1eb6T H\u00c0NG<\/strong><\/p>\n<\/div>\n\n\n\n<div class=\"wp-block-column is-layout-flow wp-block-column-is-layout-flow\">\n<p class=\"has-text-align-center has-luminous-vivid-orange-color has-light-green-cyan-background-color has-text-color has-background has-link-color wp-elements-b140061b4f0104d09236a54a76f00818\"><strong>LI\u00caN H\u1ec6<\/strong><\/p>\n<\/div>\n<\/div>\n","protected":false},"excerpt":{"rendered":"<p>Vi sinh x\u1eed l\u00fd n\u01b0\u1edbc th\u1ea3i Bio Water NH4 bao g\u1ed3m c\u00e1c d\u00f2ng vi khu\u1ea9n gi\u00fap \u0111\u1ea9y nhanh qu\u00e1 tr\u00ecnh Nitrat h\u00f3a, hi\u1ec7u qu\u1ea3 trong h\u1ec7 th\u1ed1ng x\u1eed l\u00fd n\u01b0\u1edbc th\u1ea3i. \u0110\u1eb6T H\u00c0NG LI\u00caN H\u1ec6<\/p>\n","protected":false},"author":1,"featured_media":0,"parent":0,"menu_order":0,"comment_status":"closed","ping_status":"closed","template":"","meta":{"footnotes":""},"class_list":["post-433","page","type-page","status-publish","hentry"],"_links":{"self":[{"href":"https:\/\/biowatertlp.com\/index.php?rest_route=\/wp\/v2\/pages\/433","targetHints":{"allow":["GET"]}}],"collection":[{"href":"https:\/\/biowatertlp.com\/index.php?rest_route=\/wp\/v2\/pages"}],"about":[{"href":"https:\/\/biowatertlp.com\/index.php?rest_route=\/wp\/v2\/types\/page"}],"author":[{"embeddable":true,"href":"https:\/\/biowatertlp.com\/index.php?rest_route=\/wp\/v2\/users\/1"}],"replies":[{"embeddable":true,"href":"https:\/\/biowatertlp.com\/index.php?rest_route=%2Fwp%2Fv2%2Fcomments&post=433"}],"version-history":[{"count":11,"href":"https:\/\/biowatertlp.com\/index.php?rest_route=\/wp\/v2\/pages\/433\/revisions"}],"predecessor-version":[{"id":685,"href":"https:\/\/biowatertlp.com\/index.php?rest_route=\/wp\/v2\/pages\/433\/revisions\/685"}],"wp:attachment":[{"href":"https:\/\/biowatertlp.com\/index.php?rest_route=%2Fwp%2Fv2%2Fmedia&parent=433"}],"curies":[{"name":"wp","href":"https:\/\/api.w.org\/{rel}","templated":true}]}}